{"id":3,"date":"2021-12-01T12:17:40","date_gmt":"2021-12-01T12:17:40","guid":{"rendered":"http:\/\/testiosoite7.com\/?page_id=3"},"modified":"2023-06-19T10:01:18","modified_gmt":"2023-06-19T10:01:18","slug":"privacy-policy-2","status":"publish","type":"page","link":"https:\/\/fertema.fi\/?page_id=3","title":{"rendered":"Tietosuojak\u00e4yt\u00e4nt\u00f6"},"content":{"rendered":"\n<h5 class=\"wp-block-heading\"><strong>Rekisterinpit\u00e4j\u00e4<\/strong><\/h5>\n\n\n\n<p>Fertema Oy<br>Voimakatu 14<br>15170 Lahti<br>Jyrki.kuisma@fertema.fi<br>+358405411177<\/p>\n\n\n\n<p>Verkkosivustomme osoite on: https:\/\/fertema.eu<\/p>\n\n\n\n<h5 class=\"wp-block-heading\"><strong>Yhteyshenkil\u00f6 rekisteriasioissa<\/strong><\/h5>\n\n\n\n<p>Tietosuojavastaava<br>Jyrki Kuisma<br>Puh: +358405411177<br>Jyrki.kuisma@fertema.fi<\/p>\n\n\n\n<p>Tai postitse osoitteeseen<\/p>\n\n\n\n<p>Fertema Oy<br>Voimakatu 14<br>15170 Lahti<br>Suomi<\/p>\n\n\n\n<h5 class=\"wp-block-heading\"><strong>Rekisterin nimi<\/strong><\/h5>\n\n\n\n<p>Ferteman asiakas- ja k\u00e4ytt\u00e4j\u00e4rekisteri<\/p>\n\n\n\n<h5 class=\"wp-block-heading\"><strong>Henkil\u00f6tietojen k\u00e4sittelyn tarkoitus ja oikeusperustat<\/strong><\/h5>\n\n\n\n<p>Henkil\u00f6tietoja ker\u00e4t\u00e4\u00e4n asiakkailta ja sidosryhmilt\u00e4 erityisi\u00e4, nimenomaisia \u200b\u200bja laillisia tarkoituksia varten, jotta he voivat t\u00e4ytt\u00e4\u00e4 asiakassuhteen mukaiset sopimusvelvoitteet.&nbsp;Ilman tiettyj\u00e4 henkil\u00f6tietoja Fertema Oy ei saa tarjota tuotteitaan ja palveluitaan asiakkaan pyynn\u00f6st\u00e4, k\u00e4sitell\u00e4 tilauksia, kirjautua asiakastilille, tarkastaa asiakkaan tapahtumia, ottaa yhteytt\u00e4 asiakkaaseen sopimuksen yhteydess\u00e4, tarjota teknist\u00e4 tukea, teknisi\u00e4 esitteit\u00e4 tai laskun tuotteistaan \u200b\u200bja palveluistaan.<\/p>\n\n\n\n<p>Henkil\u00f6tietoja ei k\u00e4ytet\u00e4, muokata tai siirt\u00e4\u00e4 mill\u00e4\u00e4n muulla tavalla kuin t\u00e4ss\u00e4 tietosuojaselosteessa kuvatulla tavalla.&nbsp;Henkil\u00f6tietojen k\u00e4sittely perustuu EU:n tietosuoja-asetuksen (EU) 2016\/679 6 artiklan 1a alakohtaan rekister\u00f6idyn suostumukseen ja\/tai rekisterinpit\u00e4j\u00e4n oikeutettuun etuun henkil\u00f6tietojen k\u00e4sittelyss\u00e4 kohdan mukaisesti. (1f).<\/p>\n\n\n\n<h5 class=\"wp-block-heading\"><strong>K\u00e4sitelt\u00e4v\u00e4t henkil\u00f6tiedot<\/strong><\/h5>\n\n\n\n<p>\u2022 Perustiedot (nimi, osoite, puhelinnumero, s\u00e4hk\u00f6postiosoite jne.)<br>\u2022 Verkkosivustolla vierailevan henkil\u00f6n IP-osoite ja ev\u00e4steet<br>\u2022 Laskutus-, maksu- ja perint\u00e4tiedot<br>\u2022 Verkkopalvelun kirjautumistiedot, tapahtuma- ja k\u00e4ytt\u00e4j\u00e4analyysitiedot<br>\u2022 Kiinnostuksen kohteet ja muut rekister\u00f6ij\u00e4n itsens\u00e4 antamat tiedot<br>\u2022 Kaupparekisterin, v\u00e4est\u00f6tietoj\u00e4rjestelm\u00e4n ja muiden rekistereiden tietoihin perustuvat allokaatiotiedot<\/p>\n\n\n\n<h5 class=\"wp-block-heading\"><strong>Tietol\u00e4hde<\/strong><\/h5>\n\n\n\n<p>Asiakasrekisterin henkil\u00f6tiedot saadaan p\u00e4\u00e4s\u00e4\u00e4nt\u00f6isesti suoraan rekister\u00f6idylt\u00e4 itselt\u00e4\u00e4n, kun rekister\u00f6ity:<\/p>\n\n\n\n<p>\u2022 Rekister\u00f6idy verkossa tai tilaa mit\u00e4 tahansa tuotteistamme tai palveluistamme verkkosivuillamme<br>\u2022 T\u00e4yt\u00e4 vapaaehtoisesti yhteydenottolomake verkkosivuillamme tai anna palautetta s\u00e4hk\u00f6postitse<br>\u2022 K\u00e4yt\u00e4 tai tarkastele verkkosivustoamme selaimen ev\u00e4steiden tai muiden vastaavien tekniikoiden avulla<\/p>\n\n\n\n<p>Henkil\u00f6tietoja ker\u00e4t\u00e4\u00e4n my\u00f6s muista l\u00e4hteist\u00e4, kuten:<\/p>\n\n\n\n<p>\u2022 Julkisesti luotettavat l\u00e4hteet, kuten (yrityssivustot, kaupparekisterit, luottorekisterit ja muut julkiset ja yksityiset rekisterit jne.)<\/p>\n\n\n\n<h5 class=\"wp-block-heading\"><strong>S\u00e4\u00e4nn\u00f6lliset datajulkaisut<\/strong><\/h5>\n\n\n\n<p>Fertema Oy ei luovuta hallussaan olevia henkil\u00f6tietoja kolmansille osapuolille tai automaattisesti muille Fertema Oy:n osapuolille.&nbsp;Fertema Oy luovuttaa asiakas- tai sidosryhm\u00e4tietoja nimetylle taholle yksitt\u00e4istapauksessa, jos t\u00e4m\u00e4 pyyt\u00e4\u00e4 Fertema Oy:t\u00e4 niin tai Fertema Oy on velvollinen s\u00e4ilytt\u00e4m\u00e4\u00e4n osan asiakkaan henkil\u00f6tiedoista kirjanpito- tai muun pakottavan lains\u00e4\u00e4d\u00e4nn\u00f6n noudattamiseksi.&nbsp;T\u00e4ss\u00e4 tapauksessa tietojen s\u00e4ilytt\u00e4minen perustuu Fertema Oy:n lakis\u00e4\u00e4teisen velvoitteen noudattamiseen.<\/p>\n\n\n\n<h5 class=\"wp-block-heading\">Tietojen luovuttaminen ja siirto EU\/ETA:n ulkopuolelle<\/h5>\n\n\n\n<p>Fertema Oy ei automaattisesti siirr\u00e4 hallussaan olevia henkil\u00f6tietoja kolmansille maille tai organisaatioille.&nbsp;Yksitt\u00e4istapauksessa Fertema Oy luovuttaa tietoja kolmansille maille tai kansainv\u00e4lisille j\u00e4rjest\u00f6ille, jos asiakas tai sidosryhm\u00e4 on vaatinut Fertema Oy:t\u00e4 niin tekem\u00e4\u00e4n ja on yhdess\u00e4 tietosuojavastaavan ja Tietosuojaviranomaisen kanssa arvioinut riskin ja laadun kolmannen maan tai\/tai kansainv\u00e4lisen j\u00e4rjest\u00f6n j\u00e4rjestelm\u00e4ss\u00e4.<\/p>\n\n\n\n<h5 class=\"wp-block-heading\">Datan suojelu<\/h5>\n\n\n\n<p>Fertema Oy:n ker\u00e4\u00e4m\u00e4t henkil\u00f6tiedot on suojattu palomuureilla, salasanoilla ja muilla teknisill\u00e4 keinoilla.&nbsp;Fertema Oy ryhtyy tarvittaviin teknisiin ja organisatorisiin toimenpiteisiin henkil\u00f6tietojen suojaamiseksi luvattomalta k\u00e4yt\u00f6lt\u00e4 sek\u00e4 vahingossa tapahtuvalta tai laittomalta tuhoamiselta, muuttamiselta, luovuttamiselta, siirt\u00e4miselt\u00e4 tai muulta laittomalta k\u00e4sittelylt\u00e4.&nbsp;N\u00e4it\u00e4 toimenpiteit\u00e4 tarkastellaan ja p\u00e4ivitet\u00e4\u00e4n tarvittaessa.<\/p>\n\n\n\n<h5 class=\"wp-block-heading\">Rekister\u00f6ityjen oikeudet<\/h5>\n\n\n\n<p>Fertema Oy haluaa varmistaa, ett\u00e4 asiakkaat ovat t\u00e4ysin tietoisia tietosuojaoikeuksistaan:<\/p>\n\n\n\n<p>Oikeus saada tietoa: Asiakkaalla on oikeus saada tietoa henkil\u00f6tietojensa ker\u00e4\u00e4misest\u00e4 ja k\u00e4sittelyst\u00e4.<\/p>\n\n\n\n<p>Oikeus tutustua: Asiakkaalla on oikeus pyyt\u00e4\u00e4 kopiot henkil\u00f6tiedoistaan.&nbsp;Veloitamme t\u00e4st\u00e4 palvelusta pienen maksun.<\/p>\n\n\n\n<p>Oikeus oikaisuun: Asiakkaalla on oikeus pyyt\u00e4\u00e4 Fertema Oy:t\u00e4 oikaisemaan kaikki tiedot, jotka asiakas pit\u00e4\u00e4 virheellisin\u00e4 tai puutteellisina.<\/p>\n\n\n\n<p>Oikeus tietojen poistamiseen: Asiakkaalla on tietyin edellytyksin oikeus pyyt\u00e4\u00e4 Fertema Oy:t\u00e4 poistamaan h\u00e4nen henkil\u00f6tietonsa.<\/p>\n\n\n\n<p>Oikeus k\u00e4sittelyn rajoittamiseen: Asiakkaalla on oikeus pyyt\u00e4\u00e4, ett\u00e4 Fertema Oy rajoittaa h\u00e4nen henkil\u00f6tietojensa k\u00e4sittely\u00e4 tietyin edellytyksin.<\/p>\n\n\n\n<p>Oikeus vastustaa k\u00e4sittely\u00e4: Asiakkaalla on oikeus vastustaa Fertema Oy:n suorittamaa henkil\u00f6tietojensa k\u00e4sittely\u00e4.<\/p>\n\n\n\n<p>Oikeus tietojen siirrett\u00e4vyyteen: Asiakkaalla on oikeus pyyt\u00e4\u00e4, ett\u00e4 Fertema Oy siirt\u00e4\u00e4 henkil\u00f6tiedot toiselle organisaatiolle tai tietyin ehdoin suoraan asiakkaalle.<\/p>\n\n\n\n<p>Oikeus v\u00e4ltt\u00e4\u00e4 automatisoitua p\u00e4\u00e4t\u00f6ksentekoa: Asiakkaalla on oikeus olla joutumatta yksinomaan automaattiseen k\u00e4sittelyyn perustuvaan p\u00e4\u00e4t\u00f6kseen.<\/p>\n\n\n\n<h5 class=\"wp-block-heading\">Tietojen poistaminen ja s\u00e4ilytt\u00e4minen<\/h5>\n\n\n\n<p>Fertema Oy poistaa henkil\u00f6tiedot rekisterist\u00e4, kun tietojen k\u00e4sittelylle ei ole kaupallista syyt\u00e4.&nbsp;Henkil\u00f6tietoja k\u00e4sitell\u00e4\u00e4n asiakassuhteen aikana ja sen j\u00e4lkeen takuu- ja virhevastuun hoitamiseen tarvittavan ajan.<\/p>\n\n\n\n<h5 class=\"wp-block-heading\">Tietosuojaselosteen ja ev\u00e4stek\u00e4yt\u00e4nn\u00f6n hyv\u00e4ksyminen<\/h5>\n\n\n\n<p>Fertema Oy pid\u00e4tt\u00e4\u00e4 oikeuden muuttaa t\u00e4t\u00e4 tietosuojaselostetta ja ev\u00e4stek\u00e4yt\u00e4nt\u00f6\u00e4.&nbsp;Tietosuojaselosteen ja ev\u00e4stek\u00e4yt\u00e4nn\u00f6n p\u00e4ivitetty versio julkaistaan \u200b\u200bFertema Oy:n verkkosivuilla.&nbsp;Asiakas hyv\u00e4ksyy muuttuneet ehdot jatkamalla Fertema Oy:n palvelujen k\u00e4ytt\u00f6\u00e4, joten annos ei vaadi asiakkaalta allekirjoitusta tai muuta aktiivista toimintoa.<\/p>\n\n\n\n<h5 class=\"wp-block-heading\">Keksit:<\/h5>\n\n\n\n<ul class=\"wp-block-list\">\n<li>Fertema Oy:n verkkosivuilla k\u00e4ytet\u00e4\u00e4n ev\u00e4steit\u00e4, jotka tunnistavat ja muistavat k\u00e4ytt\u00e4j\u00e4n aiemmat valinnat.&nbsp;N\u00e4it\u00e4 voivat olla asiakkaan kielen valinta, sijainti jne. K\u00e4ytet\u00e4\u00e4n sek\u00e4 ensimm\u00e4isen ett\u00e4 kolmannen osapuolen ev\u00e4steit\u00e4.<\/li>\n\n\n\n<li>Fertema Oy:n verkkosivustot k\u00e4ytt\u00e4v\u00e4t ev\u00e4steit\u00e4 ker\u00e4\u00e4m\u00e4\u00e4n tietoja k\u00e4ytt\u00e4j\u00e4n vierailusta, k\u00e4ytt\u00e4j\u00e4n katsomasta sis\u00e4ll\u00f6st\u00e4, k\u00e4ytt\u00e4j\u00e4n seuraamista linkeist\u00e4 sek\u00e4 tietoja k\u00e4ytt\u00e4j\u00e4n selaimesta, laitteesta ja IP-osoitteesta.<\/li>\n<\/ul>\n\n\n\n<h2 class=\"wp-block-heading\">Who we are<\/h2>\n\n\n\n<p><strong class=\"privacy-policy-tutorial\">Suggested text: <\/strong>Our website address is: http:\/\/testiosoite7.com.<\/p>\n\n\n\n<h2 class=\"wp-block-heading\">Comments<\/h2>\n\n\n\n<p><strong class=\"privacy-policy-tutorial\">Suggested text: <\/strong>When visitors leave comments on the site we collect the data shown in the comments form, and also the visitor\u2019s IP address and browser user agent string to help spam detection.<\/p>\n\n\n\n<p>An anonymized string created from your email address (also called a hash) may be provided to the Gravatar service to see if you are using it. The Gravatar service privacy policy is available here: https:\/\/automattic.com\/privacy\/. After approval of your comment, your profile picture is visible to the public in the context of your comment.<\/p>\n\n\n\n<h2 class=\"wp-block-heading\">Media<\/h2>\n\n\n\n<p><strong class=\"privacy-policy-tutorial\">Suggested text: <\/strong>If you upload images to the website, you should avoid uploading images with embedded location data (EXIF GPS) included. Visitors to the website can download and extract any location data from images on the website.<\/p>\n\n\n\n<h2 class=\"wp-block-heading\">Cookies<\/h2>\n\n\n\n<p><strong class=\"privacy-policy-tutorial\">Suggested text: <\/strong>If you leave a comment on our site you may opt-in to saving your name, email address and website in cookies. These are for your convenience so that you do not have to fill in your details again when you leave another comment. These cookies will last for one year.<\/p>\n\n\n\n<p>If you visit our login page, we will set a temporary cookie to determine if your browser accepts cookies. This cookie contains no personal data and is discarded when you close your browser.<\/p>\n\n\n\n<p>When you log in, we will also set up several cookies to save your login information and your screen display choices. Login cookies last for two days, and screen options cookies last for a year. If you select &#8220;Remember Me&#8221;, your login will persist for two weeks. If you log out of your account, the login cookies will be removed.<\/p>\n\n\n\n<p>If you edit or publish an article, an additional cookie will be saved in your browser. This cookie includes no personal data and simply indicates the post ID of the article you just edited. It expires after 1 day.<\/p>\n\n\n\n<h2 class=\"wp-block-heading\">Embedded content from other websites<\/h2>\n\n\n\n<p><strong class=\"privacy-policy-tutorial\">Suggested text: <\/strong>Articles on this site may include embedded content (e.g. videos, images, articles, etc.). Embedded content from other websites behaves in the exact same way as if the visitor has visited the other website.<\/p>\n\n\n\n<p>These websites may collect data about you, use cookies, embed additional third-party tracking, and monitor your interaction with that embedded content, including tracking your interaction with the embedded content if you have an account and are logged in to that website.<\/p>\n\n\n\n<h2 class=\"wp-block-heading\">Who we share your data with<\/h2>\n\n\n\n<p><strong class=\"privacy-policy-tutorial\">Suggested text: <\/strong>If you request a password reset, your IP address will be included in the reset email.<\/p>\n\n\n\n<h2 class=\"wp-block-heading\">How long we retain your data<\/h2>\n\n\n\n<p><strong class=\"privacy-policy-tutorial\">Suggested text: <\/strong>If you leave a comment, the comment and its metadata are retained indefinitely. This is so we can recognize and approve any follow-up comments automatically instead of holding them in a moderation queue.<\/p>\n\n\n\n<p>For users that register on our website (if any), we also store the personal information they provide in their user profile. All users can see, edit, or delete their personal information at any time (except they cannot change their username). Website administrators can also see and edit that information.<\/p>\n\n\n\n<h2 class=\"wp-block-heading\">What rights you have over your data<\/h2>\n\n\n\n<p><strong class=\"privacy-policy-tutorial\">Suggested text: <\/strong>If you have an account on this site, or have left comments, you can request to receive an exported file of the personal data we hold about you, including any data you have provided to us. You can also request that we erase any personal data we hold about you. This does not include any data we are obliged to keep for administrative, legal, or security purposes.<\/p>\n\n\n\n<h2 class=\"wp-block-heading\">Where we send your data<\/h2>\n\n\n\n<p><strong class=\"privacy-policy-tutorial\">Suggested text: <\/strong>Visitor comments may be checked through an automated spam detection service.<\/p>\n","protected":false},"excerpt":{"rendered":"<p>Rekisterinpit\u00e4j\u00e4 Fertema OyVoimakatu 1415170 LahtiJyrki.kuisma@fertema.fi+358405411177 Verkkosivustomme osoite on: https:\/\/fertema.eu Yhteyshenkil\u00f6 rekisteriasioissa TietosuojavastaavaJyrki KuismaPuh: +358405411177Jyrki.kuisma@fertema.fi Tai postitse osoitteeseen Fertema OyVoimakatu 1415170 LahtiSuomi Rekisterin nimi Ferteman asiakas- ja k\u00e4ytt\u00e4j\u00e4rekisteri Henkil\u00f6tietojen k\u00e4sittelyn tarkoitus ja oikeusperustat Henkil\u00f6tietoja ker\u00e4t\u00e4\u00e4n asiakkailta ja sidosryhmilt\u00e4 erityisi\u00e4, nimenomaisia \u200b\u200bja laillisia tarkoituksia varten, jotta he voivat t\u00e4ytt\u00e4\u00e4 asiakassuhteen mukaiset sopimusvelvoitteet.&nbsp;Ilman tiettyj\u00e4 henkil\u00f6tietoja Fertema Oy ei [&hellip;]<\/p>\n","protected":false},"author":1,"featured_media":0,"parent":0,"menu_order":0,"comment_status":"closed","ping_status":"open","template":"","meta":{"footnotes":""},"class_list":["post-3","page","type-page","status-publish","hentry"],"blocksy_meta":[],"yoast_head":"<!-- This site is optimized with the Yoast SEO plugin v27.1.1 - https:\/\/yoast.com\/product\/yoast-seo-wordpress\/ -->\n<title>Tietosuojak\u00e4yt\u00e4nt\u00f6 - Fertema Oy<\/title>\n<meta name=\"robots\" content=\"index, follow, max-snippet:-1, max-image-preview:large, max-video-preview:-1\" \/>\n<link rel=\"canonical\" href=\"https:\/\/fertema.fi\/?page_id=3\" \/>\n<meta property=\"og:locale\" content=\"en_US\" \/>\n<meta property=\"og:type\" content=\"article\" \/>\n<meta property=\"og:title\" content=\"Tietosuojak\u00e4yt\u00e4nt\u00f6 - Fertema Oy\" \/>\n<meta property=\"og:description\" content=\"Rekisterinpit\u00e4j\u00e4 Fertema OyVoimakatu 1415170 LahtiJyrki.kuisma@fertema.fi+358405411177 Verkkosivustomme osoite on: https:\/\/fertema.eu Yhteyshenkil\u00f6 rekisteriasioissa TietosuojavastaavaJyrki KuismaPuh: +358405411177Jyrki.kuisma@fertema.fi Tai postitse osoitteeseen Fertema OyVoimakatu 1415170 LahtiSuomi Rekisterin nimi Ferteman asiakas- ja k\u00e4ytt\u00e4j\u00e4rekisteri Henkil\u00f6tietojen k\u00e4sittelyn tarkoitus ja oikeusperustat Henkil\u00f6tietoja ker\u00e4t\u00e4\u00e4n asiakkailta ja sidosryhmilt\u00e4 erityisi\u00e4, nimenomaisia \u200b\u200bja laillisia tarkoituksia varten, jotta he voivat t\u00e4ytt\u00e4\u00e4 asiakassuhteen mukaiset sopimusvelvoitteet.&nbsp;Ilman tiettyj\u00e4 henkil\u00f6tietoja Fertema Oy ei [&hellip;]\" \/>\n<meta property=\"og:url\" content=\"https:\/\/fertema.fi\/?page_id=3\" \/>\n<meta property=\"og:site_name\" content=\"Fertema Oy\" \/>\n<meta property=\"article:modified_time\" content=\"2023-06-19T10:01:18+00:00\" \/>\n<meta name=\"twitter:card\" content=\"summary_large_image\" \/>\n<meta name=\"twitter:label1\" content=\"Est. reading time\" \/>\n\t<meta name=\"twitter:data1\" content=\"6 minutes\" \/>\n<script type=\"application\/ld+json\" class=\"yoast-schema-graph\">{\"@context\":\"https:\/\/schema.org\",\"@graph\":[{\"@type\":\"WebPage\",\"@id\":\"https:\/\/fertema.fi\/?page_id=3\",\"url\":\"https:\/\/fertema.fi\/?page_id=3\",\"name\":\"Tietosuojak\u00e4yt\u00e4nt\u00f6 - Fertema Oy\",\"isPartOf\":{\"@id\":\"https:\/\/fertema.fi\/#website\"},\"datePublished\":\"2021-12-01T12:17:40+00:00\",\"dateModified\":\"2023-06-19T10:01:18+00:00\",\"breadcrumb\":{\"@id\":\"https:\/\/fertema.fi\/?page_id=3#breadcrumb\"},\"inLanguage\":\"en-US\",\"potentialAction\":[{\"@type\":\"ReadAction\",\"target\":[\"https:\/\/fertema.fi\/?page_id=3\"]}]},{\"@type\":\"BreadcrumbList\",\"@id\":\"https:\/\/fertema.fi\/?page_id=3#breadcrumb\",\"itemListElement\":[{\"@type\":\"ListItem\",\"position\":1,\"name\":\"Home\",\"item\":\"https:\/\/fertema.fi\/\"},{\"@type\":\"ListItem\",\"position\":2,\"name\":\"Tietosuojak\u00e4yt\u00e4nt\u00f6\"}]},{\"@type\":\"WebSite\",\"@id\":\"https:\/\/fertema.fi\/#website\",\"url\":\"https:\/\/fertema.fi\/\",\"name\":\"Fertema\",\"description\":\"\",\"publisher\":{\"@id\":\"https:\/\/fertema.fi\/#organization\"},\"potentialAction\":[{\"@type\":\"SearchAction\",\"target\":{\"@type\":\"EntryPoint\",\"urlTemplate\":\"https:\/\/fertema.fi\/?s={search_term_string}\"},\"query-input\":{\"@type\":\"PropertyValueSpecification\",\"valueRequired\":true,\"valueName\":\"search_term_string\"}}],\"inLanguage\":\"en-US\"},{\"@type\":\"Organization\",\"@id\":\"https:\/\/fertema.fi\/#organization\",\"name\":\"Fertema Oy\",\"url\":\"https:\/\/fertema.fi\/\",\"logo\":{\"@type\":\"ImageObject\",\"inLanguage\":\"en-US\",\"@id\":\"https:\/\/fertema.fi\/#\/schema\/logo\/image\/\",\"url\":\"https:\/\/fertema.fi\/wp-content\/uploads\/2023\/06\/fertema_png_small.png\",\"contentUrl\":\"https:\/\/fertema.fi\/wp-content\/uploads\/2023\/06\/fertema_png_small.png\",\"width\":500,\"height\":76,\"caption\":\"Fertema Oy\"},\"image\":{\"@id\":\"https:\/\/fertema.fi\/#\/schema\/logo\/image\/\"}}]}<\/script>\n<!-- \/ Yoast SEO plugin. -->","yoast_head_json":{"title":"Tietosuojak\u00e4yt\u00e4nt\u00f6 - Fertema Oy","robots":{"index":"index","follow":"follow","max-snippet":"max-snippet:-1","max-image-preview":"max-image-preview:large","max-video-preview":"max-video-preview:-1"},"canonical":"https:\/\/fertema.fi\/?page_id=3","og_locale":"en_US","og_type":"article","og_title":"Tietosuojak\u00e4yt\u00e4nt\u00f6 - Fertema Oy","og_description":"Rekisterinpit\u00e4j\u00e4 Fertema OyVoimakatu 1415170 LahtiJyrki.kuisma@fertema.fi+358405411177 Verkkosivustomme osoite on: https:\/\/fertema.eu Yhteyshenkil\u00f6 rekisteriasioissa TietosuojavastaavaJyrki KuismaPuh: +358405411177Jyrki.kuisma@fertema.fi Tai postitse osoitteeseen Fertema OyVoimakatu 1415170 LahtiSuomi Rekisterin nimi Ferteman asiakas- ja k\u00e4ytt\u00e4j\u00e4rekisteri Henkil\u00f6tietojen k\u00e4sittelyn tarkoitus ja oikeusperustat Henkil\u00f6tietoja ker\u00e4t\u00e4\u00e4n asiakkailta ja sidosryhmilt\u00e4 erityisi\u00e4, nimenomaisia \u200b\u200bja laillisia tarkoituksia varten, jotta he voivat t\u00e4ytt\u00e4\u00e4 asiakassuhteen mukaiset sopimusvelvoitteet.&nbsp;Ilman tiettyj\u00e4 henkil\u00f6tietoja Fertema Oy ei [&hellip;]","og_url":"https:\/\/fertema.fi\/?page_id=3","og_site_name":"Fertema Oy","article_modified_time":"2023-06-19T10:01:18+00:00","twitter_card":"summary_large_image","twitter_misc":{"Est. reading time":"6 minutes"},"schema":{"@context":"https:\/\/schema.org","@graph":[{"@type":"WebPage","@id":"https:\/\/fertema.fi\/?page_id=3","url":"https:\/\/fertema.fi\/?page_id=3","name":"Tietosuojak\u00e4yt\u00e4nt\u00f6 - Fertema Oy","isPartOf":{"@id":"https:\/\/fertema.fi\/#website"},"datePublished":"2021-12-01T12:17:40+00:00","dateModified":"2023-06-19T10:01:18+00:00","breadcrumb":{"@id":"https:\/\/fertema.fi\/?page_id=3#breadcrumb"},"inLanguage":"en-US","potentialAction":[{"@type":"ReadAction","target":["https:\/\/fertema.fi\/?page_id=3"]}]},{"@type":"BreadcrumbList","@id":"https:\/\/fertema.fi\/?page_id=3#breadcrumb","itemListElement":[{"@type":"ListItem","position":1,"name":"Home","item":"https:\/\/fertema.fi\/"},{"@type":"ListItem","position":2,"name":"Tietosuojak\u00e4yt\u00e4nt\u00f6"}]},{"@type":"WebSite","@id":"https:\/\/fertema.fi\/#website","url":"https:\/\/fertema.fi\/","name":"Fertema","description":"","publisher":{"@id":"https:\/\/fertema.fi\/#organization"},"potentialAction":[{"@type":"SearchAction","target":{"@type":"EntryPoint","urlTemplate":"https:\/\/fertema.fi\/?s={search_term_string}"},"query-input":{"@type":"PropertyValueSpecification","valueRequired":true,"valueName":"search_term_string"}}],"inLanguage":"en-US"},{"@type":"Organization","@id":"https:\/\/fertema.fi\/#organization","name":"Fertema Oy","url":"https:\/\/fertema.fi\/","logo":{"@type":"ImageObject","inLanguage":"en-US","@id":"https:\/\/fertema.fi\/#\/schema\/logo\/image\/","url":"https:\/\/fertema.fi\/wp-content\/uploads\/2023\/06\/fertema_png_small.png","contentUrl":"https:\/\/fertema.fi\/wp-content\/uploads\/2023\/06\/fertema_png_small.png","width":500,"height":76,"caption":"Fertema Oy"},"image":{"@id":"https:\/\/fertema.fi\/#\/schema\/logo\/image\/"}}]}},"_links":{"self":[{"href":"https:\/\/fertema.fi\/index.php?rest_route=\/wp\/v2\/pages\/3","targetHints":{"allow":["GET"]}}],"collection":[{"href":"https:\/\/fertema.fi\/index.php?rest_route=\/wp\/v2\/pages"}],"about":[{"href":"https:\/\/fertema.fi\/index.php?rest_route=\/wp\/v2\/types\/page"}],"author":[{"embeddable":true,"href":"https:\/\/fertema.fi\/index.php?rest_route=\/wp\/v2\/users\/1"}],"replies":[{"embeddable":true,"href":"https:\/\/fertema.fi\/index.php?rest_route=%2Fwp%2Fv2%2Fcomments&post=3"}],"version-history":[{"count":1,"href":"https:\/\/fertema.fi\/index.php?rest_route=\/wp\/v2\/pages\/3\/revisions"}],"predecessor-version":[{"id":1263,"href":"https:\/\/fertema.fi\/index.php?rest_route=\/wp\/v2\/pages\/3\/revisions\/1263"}],"wp:attachment":[{"href":"https:\/\/fertema.fi\/index.php?rest_route=%2Fwp%2Fv2%2Fmedia&parent=3"}],"curies":[{"name":"wp","href":"https:\/\/api.w.org\/{rel}","templated":true}]}}